{"id":2,"date":"2019-10-17T13:56:31","date_gmt":"2019-10-17T13:56:31","guid":{"rendered":"https:\/\/www.gods.co.mz\/aerial\/?page_id=2"},"modified":"2019-10-17T15:49:05","modified_gmt":"2019-10-17T15:49:05","slug":"pagina-exemplo","status":"publish","type":"page","link":"https:\/\/www.gods.co.mz\/aerial\/","title":{"rendered":"Bem Vindos"},"content":{"rendered":"\n<p>Bem vindos ao site da Geo Operations &amp; Digital Survey, Lda.<\/p>\n\n\n\n<p>Somos especializados em Solu\u00e7\u00f5es de mapeamento do territ\u00f3rio e sistemas de informa\u00e7\u00e3o geogr\u00e1fica; Consultoria, forma\u00e7\u00e3o e fornecimento de tecnologias para as \u00e1reas de agroneg\u00f3cio, engenharia, energias novas e renov\u00e1veis e minera\u00e7\u00e3o; O desenvolvimento de actividades industriais, de distribui\u00e7\u00e3o e comercializa\u00e7\u00e3o interna e externa de mapas e objectos tridimensionais; Planeamento, pesquisa e desenvolvimento rural, urbano e regional, bem como intermedia\u00e7\u00e3o e gest\u00e3o imobili\u00e1ria e ambiental.<\/p>\n\n\n\n<p>Apoiamos projectos ligados a Calamidades naturais, pesquisa de mercado, inqu\u00e9ritos e an\u00e1lises estat\u00edsticas.<\/p>\n\n\n\n<p>Contacte-nos para saber como podemos ajuda-lo a encontrar o melhor caminho para desenvolver o seu projecto.<\/p>\n","protected":false},"excerpt":{"rendered":"<p>Bem vindos ao site da Geo Operations &amp; Digital Survey, Lda. Somos especializados em Solu\u00e7\u00f5es de mapeamento do territ\u00f3rio e sistemas de informa\u00e7\u00e3o geogr\u00e1fica; Consultoria, forma\u00e7\u00e3o e fornecimento de tecnologias para as \u00e1reas de agroneg\u00f3cio, engenharia, energias novas e renov\u00e1veis e minera\u00e7\u00e3o; O desenvolvimento de actividades industriais, de distribui\u00e7\u00e3o e [&hellip;]<\/p>\n","protected":false},"author":1,"featured_media":0,"parent":0,"menu_order":0,"comment_status":"closed","ping_status":"open","template":"","meta":{"footnotes":""},"class_list":["post-2","page","type-page","status-publish","hentry"],"yoast_head":"<!-- This site is optimized with the Yoast SEO plugin v26.9 - https:\/\/yoast.com\/product\/yoast-seo-wordpress\/ -->\n<title>Bem Vindos - GODS | The Vision for Game Changing<\/title>\n<meta name=\"robots\" content=\"index, follow, max-snippet:-1, max-image-preview:large, max-video-preview:-1\" \/>\n<link rel=\"canonical\" href=\"https:\/\/www.gods.co.mz\/aerial\/\" \/>\n<meta property=\"og:locale\" content=\"pt_PT\" \/>\n<meta property=\"og:type\" content=\"article\" \/>\n<meta property=\"og:title\" content=\"Bem Vindos - GODS | The Vision for Game Changing\" \/>\n<meta property=\"og:description\" content=\"Bem vindos ao site da Geo Operations &amp; Digital Survey, Lda. Somos especializados em Solu\u00e7\u00f5es de mapeamento do territ\u00f3rio e sistemas de informa\u00e7\u00e3o geogr\u00e1fica; Consultoria, forma\u00e7\u00e3o e fornecimento de tecnologias para as \u00e1reas de agroneg\u00f3cio, engenharia, energias novas e renov\u00e1veis e minera\u00e7\u00e3o; O desenvolvimento de actividades industriais, de distribui\u00e7\u00e3o e [&hellip;]\" \/>\n<meta property=\"og:url\" content=\"https:\/\/www.gods.co.mz\/aerial\/\" \/>\n<meta property=\"og:site_name\" content=\"GODS | The Vision for Game Changing\" \/>\n<meta property=\"article:modified_time\" content=\"2019-10-17T15:49:05+00:00\" \/>\n<meta name=\"twitter:card\" content=\"summary_large_image\" \/>\n<meta name=\"twitter:label1\" content=\"Tempo estimado de leitura\" \/>\n\t<meta name=\"twitter:data1\" content=\"1 minuto\" \/>\n<script type=\"application\/ld+json\" class=\"yoast-schema-graph\">{\"@context\":\"https:\/\/schema.org\",\"@graph\":[{\"@type\":\"WebPage\",\"@id\":\"https:\/\/www.gods.co.mz\/aerial\/\",\"url\":\"https:\/\/www.gods.co.mz\/aerial\/\",\"name\":\"Bem Vindos - GODS | The Vision for Game Changing\",\"isPartOf\":{\"@id\":\"https:\/\/www.gods.co.mz\/aerial\/#website\"},\"datePublished\":\"2019-10-17T13:56:31+00:00\",\"dateModified\":\"2019-10-17T15:49:05+00:00\",\"breadcrumb\":{\"@id\":\"https:\/\/www.gods.co.mz\/aerial\/#breadcrumb\"},\"inLanguage\":\"pt-PT\",\"potentialAction\":[{\"@type\":\"ReadAction\",\"target\":[\"https:\/\/www.gods.co.mz\/aerial\/\"]}]},{\"@type\":\"BreadcrumbList\",\"@id\":\"https:\/\/www.gods.co.mz\/aerial\/#breadcrumb\",\"itemListElement\":[{\"@type\":\"ListItem\",\"position\":1,\"name\":\"In\u00edcio\",\"item\":\"https:\/\/www.gods.co.mz\/aerial\/\"},{\"@type\":\"ListItem\",\"position\":2,\"name\":\"Bem Vindos\"}]},{\"@type\":\"WebSite\",\"@id\":\"https:\/\/www.gods.co.mz\/aerial\/#website\",\"url\":\"https:\/\/www.gods.co.mz\/aerial\/\",\"name\":\"GODS | The Vision for Game Changing\",\"description\":\"Opera\u00e7\u00f5es que fornecem intelig\u00eancia transformadora\",\"publisher\":{\"@id\":\"https:\/\/www.gods.co.mz\/aerial\/#organization\"},\"potentialAction\":[{\"@type\":\"SearchAction\",\"target\":{\"@type\":\"EntryPoint\",\"urlTemplate\":\"https:\/\/www.gods.co.mz\/aerial\/?s={search_term_string}\"},\"query-input\":{\"@type\":\"PropertyValueSpecification\",\"valueRequired\":true,\"valueName\":\"search_term_string\"}}],\"inLanguage\":\"pt-PT\"},{\"@type\":\"Organization\",\"@id\":\"https:\/\/www.gods.co.mz\/aerial\/#organization\",\"name\":\"GODS | The Vision for Game Changing\",\"url\":\"https:\/\/www.gods.co.mz\/aerial\/\",\"logo\":{\"@type\":\"ImageObject\",\"inLanguage\":\"pt-PT\",\"@id\":\"https:\/\/www.gods.co.mz\/aerial\/#\/schema\/logo\/image\/\",\"url\":\"https:\/\/www.gods.co.mz\/aerial\/wp-content\/uploads\/2020\/09\/cropped-LogoGODS.png\",\"contentUrl\":\"https:\/\/www.gods.co.mz\/aerial\/wp-content\/uploads\/2020\/09\/cropped-LogoGODS.png\",\"width\":743,\"height\":264,\"caption\":\"GODS | The Vision for Game Changing\"},\"image\":{\"@id\":\"https:\/\/www.gods.co.mz\/aerial\/#\/schema\/logo\/image\/\"}}]}<\/script>\n<!-- \/ Yoast SEO plugin. -->","yoast_head_json":{"title":"Bem Vindos - GODS | The Vision for Game Changing","robots":{"index":"index","follow":"follow","max-snippet":"max-snippet:-1","max-image-preview":"max-image-preview:large","max-video-preview":"max-video-preview:-1"},"canonical":"https:\/\/www.gods.co.mz\/aerial\/","og_locale":"pt_PT","og_type":"article","og_title":"Bem Vindos - GODS | The Vision for Game Changing","og_description":"Bem vindos ao site da Geo Operations &amp; Digital Survey, Lda. Somos especializados em Solu\u00e7\u00f5es de mapeamento do territ\u00f3rio e sistemas de informa\u00e7\u00e3o geogr\u00e1fica; Consultoria, forma\u00e7\u00e3o e fornecimento de tecnologias para as \u00e1reas de agroneg\u00f3cio, engenharia, energias novas e renov\u00e1veis e minera\u00e7\u00e3o; O desenvolvimento de actividades industriais, de distribui\u00e7\u00e3o e [&hellip;]","og_url":"https:\/\/www.gods.co.mz\/aerial\/","og_site_name":"GODS | The Vision for Game Changing","article_modified_time":"2019-10-17T15:49:05+00:00","twitter_card":"summary_large_image","twitter_misc":{"Tempo estimado de leitura":"1 minuto"},"schema":{"@context":"https:\/\/schema.org","@graph":[{"@type":"WebPage","@id":"https:\/\/www.gods.co.mz\/aerial\/","url":"https:\/\/www.gods.co.mz\/aerial\/","name":"Bem Vindos - GODS | The Vision for Game Changing","isPartOf":{"@id":"https:\/\/www.gods.co.mz\/aerial\/#website"},"datePublished":"2019-10-17T13:56:31+00:00","dateModified":"2019-10-17T15:49:05+00:00","breadcrumb":{"@id":"https:\/\/www.gods.co.mz\/aerial\/#breadcrumb"},"inLanguage":"pt-PT","potentialAction":[{"@type":"ReadAction","target":["https:\/\/www.gods.co.mz\/aerial\/"]}]},{"@type":"BreadcrumbList","@id":"https:\/\/www.gods.co.mz\/aerial\/#breadcrumb","itemListElement":[{"@type":"ListItem","position":1,"name":"In\u00edcio","item":"https:\/\/www.gods.co.mz\/aerial\/"},{"@type":"ListItem","position":2,"name":"Bem Vindos"}]},{"@type":"WebSite","@id":"https:\/\/www.gods.co.mz\/aerial\/#website","url":"https:\/\/www.gods.co.mz\/aerial\/","name":"GODS | The Vision for Game Changing","description":"Opera\u00e7\u00f5es que fornecem intelig\u00eancia transformadora","publisher":{"@id":"https:\/\/www.gods.co.mz\/aerial\/#organization"},"potentialAction":[{"@type":"SearchAction","target":{"@type":"EntryPoint","urlTemplate":"https:\/\/www.gods.co.mz\/aerial\/?s={search_term_string}"},"query-input":{"@type":"PropertyValueSpecification","valueRequired":true,"valueName":"search_term_string"}}],"inLanguage":"pt-PT"},{"@type":"Organization","@id":"https:\/\/www.gods.co.mz\/aerial\/#organization","name":"GODS | The Vision for Game Changing","url":"https:\/\/www.gods.co.mz\/aerial\/","logo":{"@type":"ImageObject","inLanguage":"pt-PT","@id":"https:\/\/www.gods.co.mz\/aerial\/#\/schema\/logo\/image\/","url":"https:\/\/www.gods.co.mz\/aerial\/wp-content\/uploads\/2020\/09\/cropped-LogoGODS.png","contentUrl":"https:\/\/www.gods.co.mz\/aerial\/wp-content\/uploads\/2020\/09\/cropped-LogoGODS.png","width":743,"height":264,"caption":"GODS | The Vision for Game Changing"},"image":{"@id":"https:\/\/www.gods.co.mz\/aerial\/#\/schema\/logo\/image\/"}}]}},"_links":{"self":[{"href":"https:\/\/www.gods.co.mz\/aerial\/wp-json\/wp\/v2\/pages\/2","targetHints":{"allow":["GET"]}}],"collection":[{"href":"https:\/\/www.gods.co.mz\/aerial\/wp-json\/wp\/v2\/pages"}],"about":[{"href":"https:\/\/www.gods.co.mz\/aerial\/wp-json\/wp\/v2\/types\/page"}],"author":[{"embeddable":true,"href":"https:\/\/www.gods.co.mz\/aerial\/wp-json\/wp\/v2\/users\/1"}],"replies":[{"embeddable":true,"href":"https:\/\/www.gods.co.mz\/aerial\/wp-json\/wp\/v2\/comments?post=2"}],"version-history":[{"count":3,"href":"https:\/\/www.gods.co.mz\/aerial\/wp-json\/wp\/v2\/pages\/2\/revisions"}],"predecessor-version":[{"id":40,"href":"https:\/\/www.gods.co.mz\/aerial\/wp-json\/wp\/v2\/pages\/2\/revisions\/40"}],"wp:attachment":[{"href":"https:\/\/www.gods.co.mz\/aerial\/wp-json\/wp\/v2\/media?parent=2"}],"curies":[{"name":"wp","href":"https:\/\/api.w.org\/{rel}","templated":true}]}}