{"id":48,"date":"2019-10-17T16:25:40","date_gmt":"2019-10-17T16:25:40","guid":{"rendered":"https:\/\/www.gods.co.mz\/aerial\/?page_id=48"},"modified":"2019-10-17T16:32:40","modified_gmt":"2019-10-17T16:32:40","slug":"consultoria","status":"publish","type":"page","link":"https:\/\/www.gods.co.mz\/aerial\/consultoria\/","title":{"rendered":"Consultoria"},"content":{"rendered":"\n<p> Estabelecendo um neg\u00f3cio com a GODS os nossos clientes t\u00eam a oportunidade de obter uma solu\u00e7\u00e3o completa (<em>Turn-Key<\/em>) para o seu neg\u00f3cio. Comprometida com os especialistas na \u00e1rea, os clientes n\u00e3o s\u00f3 ter\u00e3o os seus problemas resolvidos, mas tamb\u00e9m a garantia de que todo o seu sistema est\u00e1 em boas m\u00e3os.<\/p>\n\n\n\n<p><strong>GODS<\/strong>\u00a0acredita que os projectos devem ser encarados desde um ponto de vista integrador. \u00c9 por isso que concentra os esfor\u00e7os em tr\u00eas aspectos principais: a Experi\u00eancia, Servi\u00e7o de p\u00f3s-venda e Custos operativos.<\/p>\n\n\n\n<p><strong>Experi\u00eancia<\/strong>: Com profissionais com mais de 20 anos de experi\u00eancia, a <strong>GODS<\/strong> se transformou em uma marca sin\u00f3nima de confiabilidade no mercado. Conta com uma ampla gama de tecnologias que permite encontrar uma solu\u00e7\u00e3o para cada sector de actividade.<\/p>\n\n\n\n<p><strong>Servi\u00e7o p\u00f3s-venda<\/strong>: A <strong>GODS<\/strong> entende o \u201cservi\u00e7o\u201d como o acompanhamento ao cliente, uma vez que os projectos se encontrem em funcionamento. Oferece tamb\u00e9m uma r\u00e1pida e efectiva resposta aos problemas operativos.<\/p>\n\n\n\n<p><strong>Custos operativos<\/strong>: A GODS <strong>oferece<\/strong> solu\u00e7\u00f5es com o objectivo de reduzir ao m\u00e1ximo o consumo de recursos. Tamb\u00e9m acredita que a sustentabilidade dos projectos \u00e9 uma vari\u00e1vel-chave para o correcto desenvolvimento e satisfa\u00e7\u00e3o dos clientes.<\/p>\n\n\n\n<p>Assim sendo, a combina\u00e7\u00e3o de servi\u00e7os e integra\u00e7\u00e3o com as novas tecnologias em todo o ciclo de vida dos projectos faz da <strong>GODS<\/strong> uma excelente escolha para a promo\u00e7\u00e3o da gest\u00e3o e coordena\u00e7\u00e3o das empresas. Al\u00e9m disso, a capacidade de permitir que as organiza\u00e7\u00f5es de financiamento aloquem estrategicamente fundos para organiza\u00e7\u00f5es de desenvolvimento de alto desempenho, agrega um valor significativo, tanto para os doadores, como para os benefici\u00e1rios.<\/p>\n","protected":false},"excerpt":{"rendered":"<p>Estabelecendo um neg\u00f3cio com a GODS os nossos clientes t\u00eam a oportunidade de obter uma solu\u00e7\u00e3o completa (Turn-Key) para o seu neg\u00f3cio. Comprometida com os especialistas na \u00e1rea, os clientes n\u00e3o s\u00f3 ter\u00e3o os seus problemas resolvidos, mas tamb\u00e9m a garantia de que todo o seu sistema est\u00e1 em boas [&hellip;]<\/p>\n","protected":false},"author":1,"featured_media":0,"parent":0,"menu_order":0,"comment_status":"closed","ping_status":"closed","template":"","meta":{"footnotes":""},"class_list":["post-48","page","type-page","status-publish","hentry"],"yoast_head":"<!-- This site is optimized with the Yoast SEO plugin v26.9 - https:\/\/yoast.com\/product\/yoast-seo-wordpress\/ -->\n<title>Consultoria - GODS | The Vision for Game Changing<\/title>\n<meta name=\"robots\" content=\"index, follow, max-snippet:-1, max-image-preview:large, max-video-preview:-1\" \/>\n<link rel=\"canonical\" href=\"https:\/\/www.gods.co.mz\/aerial\/consultoria\/\" \/>\n<meta property=\"og:locale\" content=\"pt_PT\" \/>\n<meta property=\"og:type\" content=\"article\" \/>\n<meta property=\"og:title\" content=\"Consultoria - GODS | The Vision for Game Changing\" \/>\n<meta property=\"og:description\" content=\"Estabelecendo um neg\u00f3cio com a GODS os nossos clientes t\u00eam a oportunidade de obter uma solu\u00e7\u00e3o completa (Turn-Key) para o seu neg\u00f3cio. Comprometida com os especialistas na \u00e1rea, os clientes n\u00e3o s\u00f3 ter\u00e3o os seus problemas resolvidos, mas tamb\u00e9m a garantia de que todo o seu sistema est\u00e1 em boas [&hellip;]\" \/>\n<meta property=\"og:url\" content=\"https:\/\/www.gods.co.mz\/aerial\/consultoria\/\" \/>\n<meta property=\"og:site_name\" content=\"GODS | The Vision for Game Changing\" \/>\n<meta property=\"article:modified_time\" content=\"2019-10-17T16:32:40+00:00\" \/>\n<meta name=\"twitter:card\" content=\"summary_large_image\" \/>\n<meta name=\"twitter:label1\" content=\"Tempo estimado de leitura\" \/>\n\t<meta name=\"twitter:data1\" content=\"1 minuto\" \/>\n<script type=\"application\/ld+json\" class=\"yoast-schema-graph\">{\"@context\":\"https:\/\/schema.org\",\"@graph\":[{\"@type\":\"WebPage\",\"@id\":\"https:\/\/www.gods.co.mz\/aerial\/consultoria\/\",\"url\":\"https:\/\/www.gods.co.mz\/aerial\/consultoria\/\",\"name\":\"Consultoria - GODS | The Vision for Game Changing\",\"isPartOf\":{\"@id\":\"https:\/\/www.gods.co.mz\/aerial\/#website\"},\"datePublished\":\"2019-10-17T16:25:40+00:00\",\"dateModified\":\"2019-10-17T16:32:40+00:00\",\"breadcrumb\":{\"@id\":\"https:\/\/www.gods.co.mz\/aerial\/consultoria\/#breadcrumb\"},\"inLanguage\":\"pt-PT\",\"potentialAction\":[{\"@type\":\"ReadAction\",\"target\":[\"https:\/\/www.gods.co.mz\/aerial\/consultoria\/\"]}]},{\"@type\":\"BreadcrumbList\",\"@id\":\"https:\/\/www.gods.co.mz\/aerial\/consultoria\/#breadcrumb\",\"itemListElement\":[{\"@type\":\"ListItem\",\"position\":1,\"name\":\"In\u00edcio\",\"item\":\"https:\/\/www.gods.co.mz\/aerial\/\"},{\"@type\":\"ListItem\",\"position\":2,\"name\":\"Consultoria\"}]},{\"@type\":\"WebSite\",\"@id\":\"https:\/\/www.gods.co.mz\/aerial\/#website\",\"url\":\"https:\/\/www.gods.co.mz\/aerial\/\",\"name\":\"GODS | The Vision for Game Changing\",\"description\":\"Opera\u00e7\u00f5es que fornecem intelig\u00eancia transformadora\",\"publisher\":{\"@id\":\"https:\/\/www.gods.co.mz\/aerial\/#organization\"},\"potentialAction\":[{\"@type\":\"SearchAction\",\"target\":{\"@type\":\"EntryPoint\",\"urlTemplate\":\"https:\/\/www.gods.co.mz\/aerial\/?s={search_term_string}\"},\"query-input\":{\"@type\":\"PropertyValueSpecification\",\"valueRequired\":true,\"valueName\":\"search_term_string\"}}],\"inLanguage\":\"pt-PT\"},{\"@type\":\"Organization\",\"@id\":\"https:\/\/www.gods.co.mz\/aerial\/#organization\",\"name\":\"GODS | The Vision for Game Changing\",\"url\":\"https:\/\/www.gods.co.mz\/aerial\/\",\"logo\":{\"@type\":\"ImageObject\",\"inLanguage\":\"pt-PT\",\"@id\":\"https:\/\/www.gods.co.mz\/aerial\/#\/schema\/logo\/image\/\",\"url\":\"https:\/\/www.gods.co.mz\/aerial\/wp-content\/uploads\/2020\/09\/cropped-LogoGODS.png\",\"contentUrl\":\"https:\/\/www.gods.co.mz\/aerial\/wp-content\/uploads\/2020\/09\/cropped-LogoGODS.png\",\"width\":743,\"height\":264,\"caption\":\"GODS | The Vision for Game Changing\"},\"image\":{\"@id\":\"https:\/\/www.gods.co.mz\/aerial\/#\/schema\/logo\/image\/\"}}]}<\/script>\n<!-- \/ Yoast SEO plugin. -->","yoast_head_json":{"title":"Consultoria - GODS | The Vision for Game Changing","robots":{"index":"index","follow":"follow","max-snippet":"max-snippet:-1","max-image-preview":"max-image-preview:large","max-video-preview":"max-video-preview:-1"},"canonical":"https:\/\/www.gods.co.mz\/aerial\/consultoria\/","og_locale":"pt_PT","og_type":"article","og_title":"Consultoria - GODS | The Vision for Game Changing","og_description":"Estabelecendo um neg\u00f3cio com a GODS os nossos clientes t\u00eam a oportunidade de obter uma solu\u00e7\u00e3o completa (Turn-Key) para o seu neg\u00f3cio. Comprometida com os especialistas na \u00e1rea, os clientes n\u00e3o s\u00f3 ter\u00e3o os seus problemas resolvidos, mas tamb\u00e9m a garantia de que todo o seu sistema est\u00e1 em boas [&hellip;]","og_url":"https:\/\/www.gods.co.mz\/aerial\/consultoria\/","og_site_name":"GODS | The Vision for Game Changing","article_modified_time":"2019-10-17T16:32:40+00:00","twitter_card":"summary_large_image","twitter_misc":{"Tempo estimado de leitura":"1 minuto"},"schema":{"@context":"https:\/\/schema.org","@graph":[{"@type":"WebPage","@id":"https:\/\/www.gods.co.mz\/aerial\/consultoria\/","url":"https:\/\/www.gods.co.mz\/aerial\/consultoria\/","name":"Consultoria - GODS | The Vision for Game Changing","isPartOf":{"@id":"https:\/\/www.gods.co.mz\/aerial\/#website"},"datePublished":"2019-10-17T16:25:40+00:00","dateModified":"2019-10-17T16:32:40+00:00","breadcrumb":{"@id":"https:\/\/www.gods.co.mz\/aerial\/consultoria\/#breadcrumb"},"inLanguage":"pt-PT","potentialAction":[{"@type":"ReadAction","target":["https:\/\/www.gods.co.mz\/aerial\/consultoria\/"]}]},{"@type":"BreadcrumbList","@id":"https:\/\/www.gods.co.mz\/aerial\/consultoria\/#breadcrumb","itemListElement":[{"@type":"ListItem","position":1,"name":"In\u00edcio","item":"https:\/\/www.gods.co.mz\/aerial\/"},{"@type":"ListItem","position":2,"name":"Consultoria"}]},{"@type":"WebSite","@id":"https:\/\/www.gods.co.mz\/aerial\/#website","url":"https:\/\/www.gods.co.mz\/aerial\/","name":"GODS | The Vision for Game Changing","description":"Opera\u00e7\u00f5es que fornecem intelig\u00eancia transformadora","publisher":{"@id":"https:\/\/www.gods.co.mz\/aerial\/#organization"},"potentialAction":[{"@type":"SearchAction","target":{"@type":"EntryPoint","urlTemplate":"https:\/\/www.gods.co.mz\/aerial\/?s={search_term_string}"},"query-input":{"@type":"PropertyValueSpecification","valueRequired":true,"valueName":"search_term_string"}}],"inLanguage":"pt-PT"},{"@type":"Organization","@id":"https:\/\/www.gods.co.mz\/aerial\/#organization","name":"GODS | The Vision for Game Changing","url":"https:\/\/www.gods.co.mz\/aerial\/","logo":{"@type":"ImageObject","inLanguage":"pt-PT","@id":"https:\/\/www.gods.co.mz\/aerial\/#\/schema\/logo\/image\/","url":"https:\/\/www.gods.co.mz\/aerial\/wp-content\/uploads\/2020\/09\/cropped-LogoGODS.png","contentUrl":"https:\/\/www.gods.co.mz\/aerial\/wp-content\/uploads\/2020\/09\/cropped-LogoGODS.png","width":743,"height":264,"caption":"GODS | The Vision for Game Changing"},"image":{"@id":"https:\/\/www.gods.co.mz\/aerial\/#\/schema\/logo\/image\/"}}]}},"_links":{"self":[{"href":"https:\/\/www.gods.co.mz\/aerial\/wp-json\/wp\/v2\/pages\/48","targetHints":{"allow":["GET"]}}],"collection":[{"href":"https:\/\/www.gods.co.mz\/aerial\/wp-json\/wp\/v2\/pages"}],"about":[{"href":"https:\/\/www.gods.co.mz\/aerial\/wp-json\/wp\/v2\/types\/page"}],"author":[{"embeddable":true,"href":"https:\/\/www.gods.co.mz\/aerial\/wp-json\/wp\/v2\/users\/1"}],"replies":[{"embeddable":true,"href":"https:\/\/www.gods.co.mz\/aerial\/wp-json\/wp\/v2\/comments?post=48"}],"version-history":[{"count":3,"href":"https:\/\/www.gods.co.mz\/aerial\/wp-json\/wp\/v2\/pages\/48\/revisions"}],"predecessor-version":[{"id":51,"href":"https:\/\/www.gods.co.mz\/aerial\/wp-json\/wp\/v2\/pages\/48\/revisions\/51"}],"wp:attachment":[{"href":"https:\/\/www.gods.co.mz\/aerial\/wp-json\/wp\/v2\/media?parent=48"}],"curies":[{"name":"wp","href":"https:\/\/api.w.org\/{rel}","templated":true}]}}