{"id":96,"date":"2019-10-17T22:58:08","date_gmt":"2019-10-17T22:58:08","guid":{"rendered":"https:\/\/www.gods.co.mz\/aerial\/?page_id=96"},"modified":"2019-10-18T09:07:54","modified_gmt":"2019-10-18T09:07:54","slug":"contactos","status":"publish","type":"page","link":"https:\/\/www.gods.co.mz\/aerial\/contactos\/","title":{"rendered":"Contactos"},"content":{"rendered":"\n<div class=\"wp-block-themeisle-blocks-advanced-columns has-1-columns has-desktop-equal-layout has-tablet-equal-layout has-mobile-equal-layout has-default-gap has-vertical-unset\" id=\"wp-block-themeisle-blocks-advanced-columns-c9e4dbb2\" style=\"border-width:0px;border-style:solid;border-color:#000000;border-radius:0px;justify-content:unset\"><div class=\"wp-themeisle-block-overlay\" style=\"opacity:0.5;mix-blend-mode:normal\"><\/div><div class=\"innerblocks-wrap\">\n<div class=\"wp-block-themeisle-blocks-advanced-column\" id=\"wp-block-themeisle-blocks-advanced-column-72ef2e61\" style=\"border-width:0px;border-style:solid;border-color:#000000;border-radius:0px\">\n<div class=\"wpcf7 no-js\" id=\"wpcf7-f55-o1\" lang=\"pt-PT\" dir=\"ltr\" data-wpcf7-id=\"55\">\n<div class=\"screen-reader-response\"><p role=\"status\" aria-live=\"polite\" aria-atomic=\"true\"><\/p> <ul><\/ul><\/div>\n<form action=\"\/aerial\/wp-json\/wp\/v2\/pages\/96#wpcf7-f55-o1\" method=\"post\" class=\"wpcf7-form init\" aria-label=\"Formul\u00e1rio de contacto\" novalidate=\"novalidate\" data-status=\"init\">\n<div style=\"display: none;\">\n<input type=\"hidden\" name=\"_wpcf7\" value=\"55\" \/>\n<input type=\"hidden\" name=\"_wpcf7_version\" value=\"6.0.6\" \/>\n<input type=\"hidden\" name=\"_wpcf7_locale\" value=\"pt_PT\" \/>\n<input type=\"hidden\" name=\"_wpcf7_unit_tag\" value=\"wpcf7-f55-o1\" \/>\n<input type=\"hidden\" name=\"_wpcf7_container_post\" value=\"0\" \/>\n<input type=\"hidden\" name=\"_wpcf7_posted_data_hash\" value=\"\" \/>\n<\/div>\n<p><label> O seu nome (obrigat\u00f3rio)<br \/>\n<span class=\"wpcf7-form-control-wrap\" data-name=\"your-name\"><input size=\"40\" maxlength=\"400\" class=\"wpcf7-form-control wpcf7-text wpcf7-validates-as-required\" aria-required=\"true\" aria-invalid=\"false\" value=\"\" type=\"text\" name=\"your-name\" \/><\/span> <\/label>\n<\/p>\n<p><label> O seu email (obrigat\u00f3rio)<br \/>\n<span class=\"wpcf7-form-control-wrap\" data-name=\"your-email\"><input size=\"40\" maxlength=\"400\" class=\"wpcf7-form-control wpcf7-email wpcf7-validates-as-required wpcf7-text wpcf7-validates-as-email\" aria-required=\"true\" aria-invalid=\"false\" value=\"\" type=\"email\" name=\"your-email\" \/><\/span> <\/label>\n<\/p>\n<p><label> Assunto<br \/>\n<span class=\"wpcf7-form-control-wrap\" data-name=\"your-subject\"><input size=\"40\" maxlength=\"400\" class=\"wpcf7-form-control wpcf7-text\" aria-invalid=\"false\" value=\"\" type=\"text\" name=\"your-subject\" \/><\/span> <\/label>\n<\/p>\n<p><label> A sua mensagem<br \/>\n<span class=\"wpcf7-form-control-wrap\" data-name=\"your-message\"><textarea cols=\"40\" rows=\"10\" maxlength=\"2000\" class=\"wpcf7-form-control wpcf7-textarea\" aria-invalid=\"false\" name=\"your-message\"><\/textarea><\/span> <\/label>\n<\/p>\n<p><input class=\"wpcf7-form-control wpcf7-submit has-spinner\" type=\"submit\" value=\"Enviar\" \/>\n<\/p><div class=\"wpcf7-response-output\" aria-hidden=\"true\"><\/div>\n<\/form>\n<\/div>\n\n<\/div>\n<\/div><\/div>\n\n\n\n<p><em>The vision \u00a0for \u00a0Game Changing<\/em><\/p>\n\n\n\n<p>Cellular 1:\u00a0<a href=\"tel:(00258)%2084%20227%205588\">(00258) 84 227 5588<\/a><a href=\"tel:(00258)%2086%20227%205588\"> \/ 86 227 5588<\/a><\/p>\n\n\n\n<p>Landline: (00258) 21 \u00a0083 \u00a0631<br>Address: M\u00e1rtires da Mueda Road, nr. 830 B<br>4th Floor B, Polana Neighbourhood, Maputo<\/p>\n","protected":false},"excerpt":{"rendered":"<p>The vision \u00a0for \u00a0Game Changing Cellular 1:\u00a0(00258) 84 227 5588 \/ 86 227 5588 Landline: (00258) 21 \u00a0083 \u00a0631Address: M\u00e1rtires da Mueda Road, nr. 830 B4th Floor B, Polana Neighbourhood, Maputo<\/p>\n","protected":false},"author":1,"featured_media":0,"parent":0,"menu_order":0,"comment_status":"closed","ping_status":"closed","template":"","meta":{"footnotes":""},"class_list":["post-96","page","type-page","status-publish","hentry"],"yoast_head":"<!-- This site is optimized with the Yoast SEO plugin v26.9 - https:\/\/yoast.com\/product\/yoast-seo-wordpress\/ -->\n<title>Contactos - GODS | The Vision for Game Changing<\/title>\n<meta name=\"robots\" content=\"index, follow, max-snippet:-1, max-image-preview:large, max-video-preview:-1\" \/>\n<link rel=\"canonical\" href=\"https:\/\/www.gods.co.mz\/aerial\/contactos\/\" \/>\n<meta property=\"og:locale\" content=\"pt_PT\" \/>\n<meta property=\"og:type\" content=\"article\" \/>\n<meta property=\"og:title\" content=\"Contactos - GODS | The Vision for Game Changing\" \/>\n<meta property=\"og:description\" content=\"The vision \u00a0for \u00a0Game Changing Cellular 1:\u00a0(00258) 84 227 5588 \/ 86 227 5588 Landline: (00258) 21 \u00a0083 \u00a0631Address: M\u00e1rtires da Mueda Road, nr. 830 B4th Floor B, Polana Neighbourhood, Maputo\" \/>\n<meta property=\"og:url\" content=\"https:\/\/www.gods.co.mz\/aerial\/contactos\/\" \/>\n<meta property=\"og:site_name\" content=\"GODS | The Vision for Game Changing\" \/>\n<meta property=\"article:modified_time\" content=\"2019-10-18T09:07:54+00:00\" \/>\n<meta name=\"twitter:card\" content=\"summary_large_image\" \/>\n<script type=\"application\/ld+json\" class=\"yoast-schema-graph\">{\"@context\":\"https:\/\/schema.org\",\"@graph\":[{\"@type\":\"WebPage\",\"@id\":\"https:\/\/www.gods.co.mz\/aerial\/contactos\/\",\"url\":\"https:\/\/www.gods.co.mz\/aerial\/contactos\/\",\"name\":\"Contactos - GODS | The Vision for Game Changing\",\"isPartOf\":{\"@id\":\"https:\/\/www.gods.co.mz\/aerial\/#website\"},\"datePublished\":\"2019-10-17T22:58:08+00:00\",\"dateModified\":\"2019-10-18T09:07:54+00:00\",\"breadcrumb\":{\"@id\":\"https:\/\/www.gods.co.mz\/aerial\/contactos\/#breadcrumb\"},\"inLanguage\":\"pt-PT\",\"potentialAction\":[{\"@type\":\"ReadAction\",\"target\":[\"https:\/\/www.gods.co.mz\/aerial\/contactos\/\"]}]},{\"@type\":\"BreadcrumbList\",\"@id\":\"https:\/\/www.gods.co.mz\/aerial\/contactos\/#breadcrumb\",\"itemListElement\":[{\"@type\":\"ListItem\",\"position\":1,\"name\":\"In\u00edcio\",\"item\":\"https:\/\/www.gods.co.mz\/aerial\/\"},{\"@type\":\"ListItem\",\"position\":2,\"name\":\"Contactos\"}]},{\"@type\":\"WebSite\",\"@id\":\"https:\/\/www.gods.co.mz\/aerial\/#website\",\"url\":\"https:\/\/www.gods.co.mz\/aerial\/\",\"name\":\"GODS | The Vision for Game Changing\",\"description\":\"Opera\u00e7\u00f5es que fornecem intelig\u00eancia transformadora\",\"publisher\":{\"@id\":\"https:\/\/www.gods.co.mz\/aerial\/#organization\"},\"potentialAction\":[{\"@type\":\"SearchAction\",\"target\":{\"@type\":\"EntryPoint\",\"urlTemplate\":\"https:\/\/www.gods.co.mz\/aerial\/?s={search_term_string}\"},\"query-input\":{\"@type\":\"PropertyValueSpecification\",\"valueRequired\":true,\"valueName\":\"search_term_string\"}}],\"inLanguage\":\"pt-PT\"},{\"@type\":\"Organization\",\"@id\":\"https:\/\/www.gods.co.mz\/aerial\/#organization\",\"name\":\"GODS | The Vision for Game Changing\",\"url\":\"https:\/\/www.gods.co.mz\/aerial\/\",\"logo\":{\"@type\":\"ImageObject\",\"inLanguage\":\"pt-PT\",\"@id\":\"https:\/\/www.gods.co.mz\/aerial\/#\/schema\/logo\/image\/\",\"url\":\"https:\/\/www.gods.co.mz\/aerial\/wp-content\/uploads\/2020\/09\/cropped-LogoGODS.png\",\"contentUrl\":\"https:\/\/www.gods.co.mz\/aerial\/wp-content\/uploads\/2020\/09\/cropped-LogoGODS.png\",\"width\":743,\"height\":264,\"caption\":\"GODS | The Vision for Game Changing\"},\"image\":{\"@id\":\"https:\/\/www.gods.co.mz\/aerial\/#\/schema\/logo\/image\/\"}}]}<\/script>\n<!-- \/ Yoast SEO plugin. -->","yoast_head_json":{"title":"Contactos - GODS | The Vision for Game Changing","robots":{"index":"index","follow":"follow","max-snippet":"max-snippet:-1","max-image-preview":"max-image-preview:large","max-video-preview":"max-video-preview:-1"},"canonical":"https:\/\/www.gods.co.mz\/aerial\/contactos\/","og_locale":"pt_PT","og_type":"article","og_title":"Contactos - GODS | The Vision for Game Changing","og_description":"The vision \u00a0for \u00a0Game Changing Cellular 1:\u00a0(00258) 84 227 5588 \/ 86 227 5588 Landline: (00258) 21 \u00a0083 \u00a0631Address: M\u00e1rtires da Mueda Road, nr. 830 B4th Floor B, Polana Neighbourhood, Maputo","og_url":"https:\/\/www.gods.co.mz\/aerial\/contactos\/","og_site_name":"GODS | The Vision for Game Changing","article_modified_time":"2019-10-18T09:07:54+00:00","twitter_card":"summary_large_image","schema":{"@context":"https:\/\/schema.org","@graph":[{"@type":"WebPage","@id":"https:\/\/www.gods.co.mz\/aerial\/contactos\/","url":"https:\/\/www.gods.co.mz\/aerial\/contactos\/","name":"Contactos - GODS | The Vision for Game Changing","isPartOf":{"@id":"https:\/\/www.gods.co.mz\/aerial\/#website"},"datePublished":"2019-10-17T22:58:08+00:00","dateModified":"2019-10-18T09:07:54+00:00","breadcrumb":{"@id":"https:\/\/www.gods.co.mz\/aerial\/contactos\/#breadcrumb"},"inLanguage":"pt-PT","potentialAction":[{"@type":"ReadAction","target":["https:\/\/www.gods.co.mz\/aerial\/contactos\/"]}]},{"@type":"BreadcrumbList","@id":"https:\/\/www.gods.co.mz\/aerial\/contactos\/#breadcrumb","itemListElement":[{"@type":"ListItem","position":1,"name":"In\u00edcio","item":"https:\/\/www.gods.co.mz\/aerial\/"},{"@type":"ListItem","position":2,"name":"Contactos"}]},{"@type":"WebSite","@id":"https:\/\/www.gods.co.mz\/aerial\/#website","url":"https:\/\/www.gods.co.mz\/aerial\/","name":"GODS | The Vision for Game Changing","description":"Opera\u00e7\u00f5es que fornecem intelig\u00eancia transformadora","publisher":{"@id":"https:\/\/www.gods.co.mz\/aerial\/#organization"},"potentialAction":[{"@type":"SearchAction","target":{"@type":"EntryPoint","urlTemplate":"https:\/\/www.gods.co.mz\/aerial\/?s={search_term_string}"},"query-input":{"@type":"PropertyValueSpecification","valueRequired":true,"valueName":"search_term_string"}}],"inLanguage":"pt-PT"},{"@type":"Organization","@id":"https:\/\/www.gods.co.mz\/aerial\/#organization","name":"GODS | The Vision for Game Changing","url":"https:\/\/www.gods.co.mz\/aerial\/","logo":{"@type":"ImageObject","inLanguage":"pt-PT","@id":"https:\/\/www.gods.co.mz\/aerial\/#\/schema\/logo\/image\/","url":"https:\/\/www.gods.co.mz\/aerial\/wp-content\/uploads\/2020\/09\/cropped-LogoGODS.png","contentUrl":"https:\/\/www.gods.co.mz\/aerial\/wp-content\/uploads\/2020\/09\/cropped-LogoGODS.png","width":743,"height":264,"caption":"GODS | The Vision for Game Changing"},"image":{"@id":"https:\/\/www.gods.co.mz\/aerial\/#\/schema\/logo\/image\/"}}]}},"_links":{"self":[{"href":"https:\/\/www.gods.co.mz\/aerial\/wp-json\/wp\/v2\/pages\/96","targetHints":{"allow":["GET"]}}],"collection":[{"href":"https:\/\/www.gods.co.mz\/aerial\/wp-json\/wp\/v2\/pages"}],"about":[{"href":"https:\/\/www.gods.co.mz\/aerial\/wp-json\/wp\/v2\/types\/page"}],"author":[{"embeddable":true,"href":"https:\/\/www.gods.co.mz\/aerial\/wp-json\/wp\/v2\/users\/1"}],"replies":[{"embeddable":true,"href":"https:\/\/www.gods.co.mz\/aerial\/wp-json\/wp\/v2\/comments?post=96"}],"version-history":[{"count":2,"href":"https:\/\/www.gods.co.mz\/aerial\/wp-json\/wp\/v2\/pages\/96\/revisions"}],"predecessor-version":[{"id":135,"href":"https:\/\/www.gods.co.mz\/aerial\/wp-json\/wp\/v2\/pages\/96\/revisions\/135"}],"wp:attachment":[{"href":"https:\/\/www.gods.co.mz\/aerial\/wp-json\/wp\/v2\/media?parent=96"}],"curies":[{"name":"wp","href":"https:\/\/api.w.org\/{rel}","templated":true}]}}